{"id":381,"date":"2015-11-26T11:16:56","date_gmt":"2015-11-26T10:16:56","guid":{"rendered":"https:\/\/www.weingut-otto-zimmer.de\/?page_id=381"},"modified":"2016-02-03T12:45:42","modified_gmt":"2016-02-03T11:45:42","slug":"rotweine","status":"publish","type":"page","link":"https:\/\/www.weingut-otto-zimmer.de\/en\/unsere-weine\/ortsweine\/rotweine\/","title":{"rendered":"Rotweine"},"content":{"rendered":"<div class=\"row\"><div class=\"col-sm-6\"><img loading=\"lazy\" decoding=\"async\" width=\"1236\" height=\"2100\" class=\"alignnone size-full wp-image-610\" src=\"https:\/\/www.weingut-otto-zimmer.de\/wp-content\/uploads\/ZIMM8396_w1236xh2100.jpg\" alt=\"ZIMM8396_w1236xh2100\" \/><\/div><div class=\"col-sm-6\">\n<hr \/>\n<h1>Rotweincuv\u00e9e &#8220;&amp;&#8221;<\/h1>\n<h2>Ortswein, im Barrique gereift, trocken<\/h2>\n<hr \/>\n<p>Bereits der Name \u201eUND\u201c dieser roten Barrique-Cuv\u00e9e deutet an, dass die Trauben f\u00fcr diesen Wein aus verschiedenen Weinbergen der Lagen in Engelstadt stammen. Die Trauben werden geerntet und anschlie\u00dfend durch die traditionelle Maischeg\u00e4rung vergoren. Im Anschluss reifen die Rotweine 18 Monate ausschlie\u00dflich in Barriquef\u00e4ssern.<\/p>\n<p>Charakterisierung: kr\u00e4ftige und reife Tannine gepaart mit intensiven, tiefdunklen Nuancen pr\u00e4gen das markante und bestimmende Auftreten dieser Rotweincuv\u00e9e.<\/p>\n<p>Speiseempfehlung: besonders passend zu w\u00fcrzigen Fleischgerichten<\/p>\n<p><strong>Bezeichnung:<\/strong><br \/>\nRotweinwein Qualit\u00e4tswein<br \/>\n<strong>N\u00e4here Herkunft:<\/strong><br \/>\nRheinhessen<br \/>\n<strong>Herkunftsland:<\/strong><br \/>\nDeutschland<br \/>\n<strong>Alkoholgehalt:<\/strong><br \/>\n12,5 % Vol.<br \/>\n<strong>Inhalt:<\/strong><br \/>\n0,75 l<\/p>\n<p>Enth\u00e4lt Sulfite<\/p>\n<p><\/p><\/div><\/div>\n","protected":false},"excerpt":{"rendered":"","protected":false},"author":2,"featured_media":0,"parent":206,"menu_order":1,"comment_status":"closed","ping_status":"closed","template":"","meta":{"footnotes":""},"class_list":["post-381","page","type-page","status-publish","hentry"],"_links":{"self":[{"href":"https:\/\/www.weingut-otto-zimmer.de\/en\/wp-json\/wp\/v2\/pages\/381","targetHints":{"allow":["GET"]}}],"collection":[{"href":"https:\/\/www.weingut-otto-zimmer.de\/en\/wp-json\/wp\/v2\/pages"}],"about":[{"href":"https:\/\/www.weingut-otto-zimmer.de\/en\/wp-json\/wp\/v2\/types\/page"}],"author":[{"embeddable":true,"href":"https:\/\/www.weingut-otto-zimmer.de\/en\/wp-json\/wp\/v2\/users\/2"}],"replies":[{"embeddable":true,"href":"https:\/\/www.weingut-otto-zimmer.de\/en\/wp-json\/wp\/v2\/comments?post=381"}],"version-history":[{"count":12,"href":"https:\/\/www.weingut-otto-zimmer.de\/en\/wp-json\/wp\/v2\/pages\/381\/revisions"}],"predecessor-version":[{"id":759,"href":"https:\/\/www.weingut-otto-zimmer.de\/en\/wp-json\/wp\/v2\/pages\/381\/revisions\/759"}],"up":[{"embeddable":true,"href":"https:\/\/www.weingut-otto-zimmer.de\/en\/wp-json\/wp\/v2\/pages\/206"}],"wp:attachment":[{"href":"https:\/\/www.weingut-otto-zimmer.de\/en\/wp-json\/wp\/v2\/media?parent=381"}],"curies":[{"name":"wp","href":"https:\/\/api.w.org\/{rel}","templated":true}]}}